{"id":1048,"date":"2024-10-14T16:01:30","date_gmt":"2024-10-14T16:01:30","guid":{"rendered":"https:\/\/sept.hostlin.com\/newwp\/reston\/?page_id=1048"},"modified":"2025-04-05T11:00:54","modified_gmt":"2025-04-05T11:00:54","slug":"contact-us","status":"publish","type":"page","link":"https:\/\/mfdtracking.com\/index.php\/contact-us\/","title":{"rendered":"CONTACTEZ-NOUS"},"content":{"rendered":"\t\t<div data-elementor-type=\"wp-page\" data-elementor-id=\"1048\" class=\"elementor elementor-1048\">\n\t\t\t\t<div class=\"elementor-element elementor-element-09af59c e-con-full e-flex e-con e-parent\" data-id=\"09af59c\" data-element_type=\"container\">\n\t\t<div class=\"elementor-element elementor-element-f2670e7 e-flex e-con-boxed e-con e-child\" data-id=\"f2670e7\" data-element_type=\"container\">\n\t\t\t\t\t<div class=\"e-con-inner\">\n\t\t<div class=\"elementor-element elementor-element-6d024c7 e-flex e-con-boxed e-con e-child\" data-id=\"6d024c7\" data-element_type=\"container\">\n\t\t\t\t\t<div class=\"e-con-inner\">\n\t\t<div class=\"elementor-element elementor-element-7af247c e-con-full e-flex e-con e-child\" data-id=\"7af247c\" data-element_type=\"container\">\n\t\t\t\t<div class=\"elementor-element elementor-element-f245322 elementor-widget elementor-widget-reston_hero_title\" data-id=\"f245322\" data-element_type=\"widget\" data-widget_type=\"reston_hero_title.default\">\n\t\t\t\t<div class=\"elementor-widget-container\">\n\t\t\t\t\t\r\n\t    \r\n    <div class=\"sec-title light te-box-title\">\r\n\t\t\r\n\t\t\t\t\t\t\t<h2 class=\"te-title reston-size-default\">MFD TRACKING &amp; SERVICES<\/h2>\t\t\t\t\t\t\t<div class=\"normal__text\">\r\n\t\t\t\t<p>Pour toute demande ou besoin, n'h\u00e9sitez pas \u00e0 nous contacter. L'\u00e9quipe MFD TRACKING &amp; SERVICES  est \u00e0 votre disposition pour vous accompagner avec efficacit\u00e9 et professionnalisme.<\/p>\r\n\t\t\t<\/div>\r\n\t\t\t<\/div>\r\n\r\n\t    \r\n    \t\t\t\t<\/div>\n\t\t\t\t<\/div>\n\t\t\t\t<div class=\"elementor-element elementor-element-eadcaec elementor-widget elementor-widget-reston_icon_box\" data-id=\"eadcaec\" data-element_type=\"widget\" data-widget_type=\"reston_icon_box.default\">\n\t\t\t\t<div class=\"elementor-widget-container\">\n\t\t\t\t\t\n\t<!-- contact-section -->\n\t<section class=\"contact-style-three\">\n\t\t<div class=\"content-box mr_0\">\n\t\t\t<ul class=\"info-list clearfix\">\n\t\t\t\t<li>\n\t\t\t\t\t<div class=\"icon-box\">\n\t\t\t\t\t\t\t\t\t\t\t\t\t<img decoding=\"async\" src=\"https:\/\/mfdtracking.com\/wp-content\/uploads\/2024\/10\/icon-23.png\" title=\"icon-23\" alt=\"icon-23\" loading=\"lazy\" \/>\t\t\t\t\t\t\t\t\t\t\t<\/div>\n\t\t\t\t\t<h3 class=\"has-ele-title\">Address :<\/h3>\n\t\t\t\t\t<p class=\"has-ele-text\">Avenue Kennedy , Yaound\u00e9 , Cameroun<\/p>\n\t\t\t\t<\/li>\n\t\t\t<\/ul>\n\t\t<\/div>\n\t<\/section>\n\t<!-- contact-section end -->\n\n\n    \t\t\t\t<\/div>\n\t\t\t\t<\/div>\n\t\t\t\t<div class=\"elementor-element elementor-element-5b6d3fb elementor-widget elementor-widget-reston_icon_box\" data-id=\"5b6d3fb\" data-element_type=\"widget\" data-widget_type=\"reston_icon_box.default\">\n\t\t\t\t<div class=\"elementor-widget-container\">\n\t\t\t\t\t\n\t<!-- contact-section -->\n\t<section class=\"contact-style-three\">\n\t\t<div class=\"content-box mr_0\">\n\t\t\t<ul class=\"info-list clearfix\">\n\t\t\t\t<li>\n\t\t\t\t\t<div class=\"icon-box\">\n\t\t\t\t\t\t\t\t\t\t\t\t\t<img decoding=\"async\" src=\"https:\/\/mfdtracking.com\/wp-content\/uploads\/2024\/10\/icon-24.png\" title=\"icon-24\" alt=\"icon-24\" loading=\"lazy\" \/>\t\t\t\t\t\t\t\t\t\t\t<\/div>\n\t\t\t\t\t<h3 class=\"has-ele-title\">Phone :<\/h3>\n\t\t\t\t\t<p class=\"has-ele-text\"><a href=\"tel:+237 696929430\">+237 696929430<\/a>  <\/p>\n\t\t\t\t<\/li>\n\t\t\t<\/ul>\n\t\t<\/div>\n\t<\/section>\n\t<!-- contact-section end -->\n\n\n    \t\t\t\t<\/div>\n\t\t\t\t<\/div>\n\t\t\t\t<div class=\"elementor-element elementor-element-971593d elementor-widget elementor-widget-reston_icon_box\" data-id=\"971593d\" data-element_type=\"widget\" data-widget_type=\"reston_icon_box.default\">\n\t\t\t\t<div class=\"elementor-widget-container\">\n\t\t\t\t\t\n\t<!-- contact-section -->\n\t<section class=\"contact-style-three\">\n\t\t<div class=\"content-box mr_0\">\n\t\t\t<ul class=\"info-list clearfix\">\n\t\t\t\t<li>\n\t\t\t\t\t<div class=\"icon-box\">\n\t\t\t\t\t\t\t\t\t\t\t\t\t<img decoding=\"async\" src=\"https:\/\/mfdtracking.com\/wp-content\/uploads\/2024\/10\/icon-25.png\" title=\"icon-25\" alt=\"icon-25\" loading=\"lazy\" \/>\t\t\t\t\t\t\t\t\t\t\t<\/div>\n\t\t\t\t\t<h3 class=\"has-ele-title\">Email : <\/h3>\n\t\t\t\t\t<p class=\"has-ele-text\"><a href=\"mailto:contact@mfdtracking.com\">contact@mfdtracking.com<\/a><\/p>\n\t\t\t\t<\/li>\n\t\t\t<\/ul>\n\t\t<\/div>\n\t<\/section>\n\t<!-- contact-section end -->\n\n\n    \t\t\t\t<\/div>\n\t\t\t\t<\/div>\n\t\t\t\t<\/div>\n\t\t<div class=\"elementor-element elementor-element-f81ad0f e-con-full e-flex e-con e-child\" data-id=\"f81ad0f\" data-element_type=\"container\">\n\t\t\t\t<div class=\"elementor-element elementor-element-d5e9411 elementor-widget elementor-widget-google_maps\" data-id=\"d5e9411\" data-element_type=\"widget\" data-widget_type=\"google_maps.default\">\n\t\t\t\t<div class=\"elementor-widget-container\">\n\t\t\t\t\t\t\t<div class=\"elementor-custom-embed\">\n\t\t\t<iframe loading=\"lazy\"\n\t\t\t\t\tsrc=\"https:\/\/maps.google.com\/maps?q=Avenue%20Kennedy%20%2C%20Yaound%C3%A9%20%2C%20Cameroun&#038;t=m&#038;z=10&#038;output=embed&#038;iwloc=near\"\n\t\t\t\t\ttitle=\"Avenue Kennedy , Yaound\u00e9 , Cameroun\"\n\t\t\t\t\taria-label=\"Avenue Kennedy , Yaound\u00e9 , Cameroun\"\n\t\t\t><\/iframe>\n\t\t<\/div>\n\t\t\t\t\t\t<\/div>\n\t\t\t\t<\/div>\n\t\t\t\t<\/div>\n\t\t\t\t\t<\/div>\n\t\t\t\t<\/div>\n\t\t<div class=\"elementor-element elementor-element-2837210 e-con-full e-flex e-con e-child\" data-id=\"2837210\" data-element_type=\"container\">\n\t\t\t\t<div class=\"elementor-element elementor-element-bc75afe elementor-widget elementor-widget-metform\" data-id=\"bc75afe\" data-element_type=\"widget\" data-widget_type=\"metform.default\">\n\t\t\t\t<div class=\"elementor-widget-container\">\n\t\t\t\t\t<div id=\"mf-response-props-id-1594\" data-previous-steps-style=\"\" data-editswitchopen=\"\" data-response_type=\"alert\" data-erroricon=\"fas fa-exclamation-triangle\" data-successicon=\"fas fa-check\" data-messageposition=\"top\" class=\"   mf-scroll-top-no\">\n\t\t<div class=\"formpicker_warper formpicker_warper_editable\" data-metform-formpicker-key=\"1594\" >\n\t\t\t\t\n\t\t\t<div class=\"elementor-widget-container\">\n\t\t\t\t\r\n\t\t<div\r\n\t\t\tid=\"metform-wrap-bc75afe-1594\"\r\n\t\t\tclass=\"mf-form-wrapper\"\r\n\t\t\tdata-form-id=\"1594\"\r\n\t\t\tdata-action=\"https:\/\/mfdtracking.com\/index.php\/wp-json\/metform\/v1\/entries\/insert\/1594\"\r\n\t\t\tdata-wp-nonce=\"0958d00289\"\r\n\t\t\tdata-form-nonce=\"34a288287d\"\r\n\t\t\tdata-quiz-summery = \"false\"\r\n\t\t\tdata-save-progress = \"false\"\r\n\t\t\tdata-form-type=\"general-form\"\r\n\t\t\tdata-stop-vertical-effect=\"\"\r\n\t\t\t><\/div>\r\n\r\n\r\n\t\t<!----------------------------- \r\n\t\t\t* controls_data : find the the props passed indie of data attribute\r\n\t\t\t* props.SubmitResponseMarkup : contains the markup of error or success message\r\n\t\t\t* https:\/\/developer.mozilla.org\/en-US\/docs\/Web\/JavaScript\/Reference\/Template_literals\r\n\t\t--------------------------- -->\r\n\r\n\t\t\t\t<script type=\"text\/mf\" class=\"mf-template\">\r\n\t\t\tfunction controls_data (value){\r\n\t\t\t\tlet currentWrapper = \"mf-response-props-id-1594\";\r\n\t\t\t\tlet currentEl = document.getElementById(currentWrapper);\r\n\t\t\t\t\r\n\t\t\t\treturn currentEl ? currentEl.dataset[value] : false\r\n\t\t\t}\r\n\r\n\r\n\t\t\tlet is_edit_mode = '' ? true : false;\r\n\t\t\tlet message_position = controls_data('messageposition') || 'top';\r\n\r\n\t\t\t\r\n\t\t\tlet message_successIcon = controls_data('successicon') || '';\r\n\t\t\tlet message_errorIcon = controls_data('erroricon') || '';\r\n\t\t\tlet message_editSwitch = controls_data('editswitchopen') === 'yes' ? true : false;\r\n\t\t\tlet message_proClass = controls_data('editswitchopen') === 'yes' ? 'mf_pro_activated' : '';\r\n\t\t\t\r\n\t\t\tlet is_dummy_markup = is_edit_mode && message_editSwitch ? true : false;\r\n\r\n\t\t\t\r\n\t\t\treturn html`\r\n\t\t\t\t<form\r\n\t\t\t\t\tclassName=\"metform-form-content\"\r\n\t\t\t\t\tref=${parent.formContainerRef}\r\n\t\t\t\t\tonSubmit=${ validation.handleSubmit( parent.handleFormSubmit ) }\r\n\t\t\t\t\r\n\t\t\t\t\t>\r\n\t\t\t\r\n\t\t\t\r\n\t\t\t\t\t${is_dummy_markup ? message_position === 'top' ?  props.ResponseDummyMarkup(message_successIcon, message_proClass) : '' : ''}\r\n\t\t\t\t\t${is_dummy_markup ? ' ' :  message_position === 'top' ? props.SubmitResponseMarkup`${parent}${state}${message_successIcon}${message_errorIcon}${message_proClass}` : ''}\r\n\r\n\t\t\t\t\t<!--------------------------------------------------------\r\n\t\t\t\t\t*** IMPORTANT \/ DANGEROUS ***\r\n\t\t\t\t\t${html``} must be used as in immediate child of \"metform-form-main-wrapper\"\r\n\t\t\t\t\tclass otherwise multistep form will not run at all\r\n\t\t\t\t\t---------------------------------------------------------->\r\n\r\n\t\t\t\t\t<div className=\"metform-form-main-wrapper\" key=${'hide-form-after-submit'} ref=${parent.formRef}>\r\n\t\t\t\t\t${html`\r\n\t\t\t\t\t\t\t\t<div data-elementor-type=\"wp-post\" key=\"2\" data-elementor-id=\"1594\" className=\"elementor elementor-1594\">\n\t\t\t\t<div className=\"elementor-element elementor-element-267b33d e-flex e-con-boxed e-con e-parent\" data-id=\"267b33d\" data-element_type=\"container\">\n\t\t\t\t\t<div className=\"e-con-inner\">\n\t\t\t\t<div className=\"elementor-element elementor-element-296bb5e elementor-widget elementor-widget-heading\" data-id=\"296bb5e\" data-element_type=\"widget\" data-widget_type=\"heading.default\">\n\t\t\t\t<div className=\"elementor-widget-container\">\n\t\t\t\t\t<h2 className=\"elementor-heading-title elementor-size-default\">Laissez-nous un message<\/h2>\t\t\t\t<\/div>\n\t\t\t\t<\/div>\n\t\t<div className=\"elementor-element elementor-element-514fdd6 e-con-full e-flex e-con e-child\" data-id=\"514fdd6\" data-element_type=\"container\">\n\t\t\t\t<div className=\"elementor-element elementor-element-527f671 elementor-widget__width-initial elementor-widget elementor-widget-mf-listing-fname\" data-id=\"527f671\" data-element_type=\"widget\" data-settings=\"{&quot;mf_input_name&quot;:&quot;mf-listing-fname&quot;}\" data-widget_type=\"mf-listing-fname.default\">\n\t\t\t\t<div className=\"elementor-widget-container\">\n\t\t\t\t\t\n\t\t<div className=\"mf-input-wrapper\">\n\t\t\t\n\t\t\t<input type=\"text\" className=\"mf-input \" id=\"mf-input-text-527f671\" \n\t\t\t\tname=\"mf-listing-fname\" \n\t\t\t\tplaceholder=\"${ parent.decodeEntities(`Votre nom`) } \"\n\t\t\t\tonInput=${ parent.handleChange }\n\n\t\t\t\t\t\t\t\t\taria-invalid=${validation.errors['mf-listing-fname'] ? 'true' : 'false'}\n\t\t\t\t\tref=${ el => parent.activateValidation({\"message\":\"This field is required.\",\"minLength\":1,\"maxLength\":\"\",\"type\":\"none\",\"required\":true,\"expression\":\"null\"}, el) }\n\t\t\t\t\t\t\t\/>\n\n\t\t\t\t\t\t\t<${validation.ErrorMessage}\n\t\t\t\t\terrors=${validation.errors}\n\t\t\t\t\tname=\"mf-listing-fname\"\n\t\t\t\t\tas=${html`<span className=\"mf-error-message\"><\/span>`}\n\t\t\t\t\t\/>\n\t\t\t\t\t\t\t\t<\/div>\n\n\t\t\t\t\t\t<\/div>\n\t\t\t\t<\/div>\n\t\t\t\t<div className=\"elementor-element elementor-element-2824c42 elementor-widget__width-initial elementor-widget elementor-widget-mf-email\" data-id=\"2824c42\" data-element_type=\"widget\" data-settings=\"{&quot;mf_input_name&quot;:&quot;mf-email_991651&quot;}\" data-widget_type=\"mf-email.default\">\n\t\t\t\t<div className=\"elementor-widget-container\">\n\t\t\t\t\t\r\n\t\t<div className=\"mf-input-wrapper\">\r\n\t\t\t\r\n\t\t\t<input \r\n\t\t\t\ttype=\"email\" \r\n\t\t\t\t \r\n\t\t\t\tdefaultValue=\"\" \r\n\t\t\t\tclassName=\"mf-input \" \r\n\t\t\t\tid=\"mf-input-email-2824c42\" \r\n\t\t\t\tname=\"mf-email_991651\" \r\n\t\t\t\tplaceholder=\"${ parent.decodeEntities(`Votre \u00e9-mail`) } \" \r\n\t\t\t\t \r\n\t\t\t\tonBlur=${parent.handleChange} onFocus=${parent.handleChange} aria-invalid=${validation.errors['mf-email_991651'] ? 'true' : 'false' } \r\n\t\t\t\tref=${el=> parent.activateValidation({\"message\":\"This field is required.\",\"emailMessage\":\"Veuillez saisir une adresse de messagerie valide\",\"minLength\":1,\"maxLength\":\"\",\"type\":\"none\",\"required\":true,\"expression\":\"null\"}, el)}\r\n\t\t\t\t\t\t\t\/>\r\n\r\n\t\t\t\t\t\t<${validation.ErrorMessage} \r\n\t\t\t\terrors=${validation.errors} \r\n\t\t\t\tname=\"mf-email_991651\" \r\n\t\t\t\tas=${html`<span className=\"mf-error-message\"><\/span>`}\r\n\t\t\t\/>\r\n\t\t\t\r\n\t\t\t\t\t<\/div>\r\n\r\n\t\t\t\t<\/div>\n\t\t\t\t<\/div>\n\t\t\t\t<\/div>\n\t\t<div className=\"elementor-element elementor-element-2a515e9 e-con-full e-flex e-con e-child\" data-id=\"2a515e9\" data-element_type=\"container\">\n\t\t\t\t<div className=\"elementor-element elementor-element-8d42a69 elementor-widget__width-initial elementor-widget elementor-widget-mf-telephone\" data-id=\"8d42a69\" data-element_type=\"widget\" data-settings=\"{&quot;mf_input_name&quot;:&quot;mf-telephone_393690&quot;}\" data-widget_type=\"mf-telephone.default\">\n\t\t\t\t<div className=\"elementor-widget-container\">\n\t\t\t\t\t\n\t\t<div className=\"mf-input-wrapper\">\n\t\t\t\n\t\t\t<input\n\t\t\t\ttype=\"tel\"\n\t\t\t\tclassName=\"mf-input \"\n\t\t\t\tid=\"mf-input-telephone-8d42a69\" \n\t\t\t\tname=\"mf-telephone_393690\"\n\t\t\t\tplaceholder=\"${ parent.decodeEntities(`Votre num\u00e9ro de telephone`) } \"\n\t\t\t\t\t\t\t\t\tonInput=${parent.handleChange}\n\t\t\t\t\taria-invalid=${validation.errors['mf-telephone_393690'] ? 'true' : 'false'}\n\t\t\t\t\tref=${el => parent.activateValidation({\"message\":\"This field is required.\",\"minLength\":1,\"maxLength\":\"\",\"type\":\"none\",\"required\":true,\"expression\":\"null\"}, el)}\n\t\t\t\t\t\t\t\t\/>\n\t\t\t\n\t\t\t\t\t\t\t<${validation.ErrorMessage}\n\t\t\t\t\terrors=${validation.errors}\n\t\t\t\t\tname=\"mf-telephone_393690\"\n\t\t\t\t\tas=${html`<span className=\"mf-error-message\"><\/span>`}\n\t\t\t\t\t\/>\n\t\t\t\n\t\t\t\n\t\t<\/div>\n\n\t\t\t\t\t\t<\/div>\n\t\t\t\t<\/div>\n\t\t\t\t<div className=\"elementor-element elementor-element-ef19f0f elementor-widget__width-initial elementor-widget elementor-widget-mf-text\" data-id=\"ef19f0f\" data-element_type=\"widget\" data-widget_type=\"mf-text.default\">\n\t\t\t\t<div className=\"elementor-widget-container\">\n\t\t\t\t\t\r\n\t\t<div className=\"mf-input-wrapper\">\r\n\t\t\t\r\n\t\t\t<input\r\n\t\t\t\ttype=\"text\"\r\n\t\t\t\tclassName=\"mf-input \"\r\n\t\t\t\tid=\"mf-input-text-ef19f0f\"\r\n\t\t\t\tname=\"\"\r\n\t\t\t\tplaceholder=\"${ parent.decodeEntities(`Objet`) } \"\r\n\t\t\t\t\t\t\t\t\tonInput=${parent.handleChange}\r\n\t\t\t\t\tonBlur=${parent.handleChange}\r\n\t\t\t\t\taria-invalid=${validation.errors[''] ? 'true' : 'false'}\r\n\t\t\t\t\tref=${el =>{\r\n\t\t\t\t\t\t\t\t\t\t\t\tparent.activateValidation({\"message\":\"This field is required.\",\"minLength\":1,\"maxLength\":\"\",\"type\":\"none\",\"required\":true,\"expression\":\"null\"}, el)\r\n\t\t\t\t\t}}\r\n\t\t\t\t\t\t\t\t\/>\r\n\r\n\t\t\t\t\t\t\t<${validation.ErrorMessage}\r\n\t\t\t\t\terrors=${validation.errors}\r\n\t\t\t\t\tname=\"\"\r\n\t\t\t\t\tas=${html`<span className=\"mf-error-message\"><\/span>`}\r\n\t\t\t\t\t\/>\r\n\t\t\t\r\n\t\t\t\t\t<\/div>\r\n\r\n\t\t\t\t\t\t<\/div>\n\t\t\t\t<\/div>\n\t\t\t\t<\/div>\n\t\t<div className=\"elementor-element elementor-element-50d7296 e-con-full e-flex e-con e-child\" data-id=\"50d7296\" data-element_type=\"container\">\n\t\t\t\t<div className=\"elementor-element elementor-element-bd6e335 elementor-widget__width-initial elementor-widget elementor-widget-mf-textarea\" data-id=\"bd6e335\" data-element_type=\"widget\" data-settings=\"{&quot;mf_input_name&quot;:&quot;mf-textarea&quot;}\" data-widget_type=\"mf-textarea.default\">\n\t\t\t\t<div className=\"elementor-widget-container\">\n\t\t\t\t\t\r\n\t\t<div className=\"mf-input-wrapper\">\r\n\t\t\t\r\n\t\t\t<textarea className=\"mf-input mf-textarea \" id=\"mf-input-text-area-bd6e335\"\r\n\t\t\t\tname=\"mf-textarea\" \r\n\t\t\t\tplaceholder=\"${ parent.decodeEntities(`Votre message`) } \"\r\n\t\t\t\tcols=\"30\" rows=\"10\"\r\n\t\t\t\t\t\t\t\t\tonInput=${ parent.handleChange }\r\n\t\t\t\t\taria-invalid=${validation.errors['mf-textarea'] ? 'true' : 'false'}\r\n\t\t\t\t\tref=${ el => parent.activateValidation({\"message\":\"This field is required.\",\"minLength\":1,\"maxLength\":\"\",\"type\":\"none\",\"required\":true,\"expression\":\"null\"}, el)}\r\n\t\t\t\t\t\t\t\t><\/textarea>\r\n\r\n\t\t\t\t\t\t\t<${validation.ErrorMessage}\r\n\t\t\t\t\terrors=${validation.errors}\r\n\t\t\t\t\tname=\"mf-textarea\"\r\n\t\t\t\t\tas=${html`<span className=\"mf-error-message\"><\/span>`}\r\n\t\t\t\t\t\/>\r\n\t\t\t\t\t\t\t\t<\/div>\r\n\r\n\t\t\t\t\t\t<\/div>\n\t\t\t\t<\/div>\n\t\t\t\t<\/div>\n\t\t\t\t\t<\/div>\n\t\t\t\t<\/div>\n\t\t<div className=\"elementor-element elementor-element-13ed6ae e-grid e-con-boxed e-con e-parent\" data-id=\"13ed6ae\" data-element_type=\"container\">\n\t\t\t\t\t<div className=\"e-con-inner\">\n\t\t\t\t<div className=\"elementor-element elementor-element-831c4a1 elementor-align-right elementor-widget elementor-widget-button\" data-id=\"831c4a1\" data-element_type=\"widget\" data-widget_type=\"button.default\">\n\t\t\t\t<div className=\"elementor-widget-container\">\n\t\t\t\t\t\t\t\t\t<div className=\"elementor-button-wrapper\">\n\t\t\t\t\t<a className=\"elementor-button elementor-button-link elementor-size-sm\" href=\"#\">\n\t\t\t\t\t\t<span className=\"elementor-button-content-wrapper\">\n\t\t\t\t\t\t\t\t\t<span className=\"elementor-button-text\">ENVOYER<\/span>\n\t\t\t\t\t<\/span>\n\t\t\t\t\t<\/a>\n\t\t\t\t<\/div>\n\t\t\t\t\t\t\t\t<\/div>\n\t\t\t\t<\/div>\n\t\t\t\t\t<\/div>\n\t\t\t\t<\/div>\n\t\t\t\t<\/div>\n\t\t\t\t\t\t\t`}\r\n\t\t\t\t\t<\/div>\r\n\r\n\t\t\t\t\t${is_dummy_markup ? message_position === 'bottom' ? props.ResponseDummyMarkup(message_successIcon, message_proClass) : '' : ''}\r\n\t\t\t\t\t${is_dummy_markup ? ' ' : message_position === 'bottom' ? props.SubmitResponseMarkup`${parent}${state}${message_successIcon}${message_errorIcon}${message_proClass}` : ''}\r\n\t\t\t\t\r\n\t\t\t\t<\/form>\r\n\t\t\t`\r\n\t\t<\/script>\r\n\r\n\t\t\t\t\t<\/div>\n\t\t<\/div>\n\t\t<\/div>\t\t\t\t<\/div>\n\t\t\t\t<\/div>\n\t\t\t\t<\/div>\n\t\t\t\t\t<\/div>\n\t\t\t\t<\/div>\n\t\t\t\t<\/div>\n\t\t\t\t<\/div>\n\t\t","protected":false},"excerpt":{"rendered":"<p>MFD TRACKING &amp; SERVICES Pour toute demande ou besoin, n&#8217;h\u00e9sitez pas \u00e0 nous contacter. L&#8217;\u00e9quipe MFD TRACKING &amp; SERVICES est \u00e0 votre disposition pour vous accompagner avec efficacit\u00e9 et professionnalisme. Address : Avenue Kennedy , Yaound\u00e9 , Cameroun Phone : +237 696929430 Email : contact@mfdtracking.com<\/p>\n","protected":false},"author":1,"featured_media":0,"parent":0,"menu_order":0,"comment_status":"closed","ping_status":"closed","template":"tpl-default-elementor.php","meta":{"footnotes":""},"class_list":["post-1048","page","type-page","status-publish","hentry"],"_links":{"self":[{"href":"https:\/\/mfdtracking.com\/index.php\/wp-json\/wp\/v2\/pages\/1048","targetHints":{"allow":["GET"]}}],"collection":[{"href":"https:\/\/mfdtracking.com\/index.php\/wp-json\/wp\/v2\/pages"}],"about":[{"href":"https:\/\/mfdtracking.com\/index.php\/wp-json\/wp\/v2\/types\/page"}],"author":[{"embeddable":true,"href":"https:\/\/mfdtracking.com\/index.php\/wp-json\/wp\/v2\/users\/1"}],"replies":[{"embeddable":true,"href":"https:\/\/mfdtracking.com\/index.php\/wp-json\/wp\/v2\/comments?post=1048"}],"version-history":[{"count":14,"href":"https:\/\/mfdtracking.com\/index.php\/wp-json\/wp\/v2\/pages\/1048\/revisions"}],"predecessor-version":[{"id":2972,"href":"https:\/\/mfdtracking.com\/index.php\/wp-json\/wp\/v2\/pages\/1048\/revisions\/2972"}],"wp:attachment":[{"href":"https:\/\/mfdtracking.com\/index.php\/wp-json\/wp\/v2\/media?parent=1048"}],"curies":[{"name":"wp","href":"https:\/\/api.w.org\/{rel}","templated":true}]}}