{"id":2240,"date":"2019-01-16T13:01:52","date_gmt":"2019-01-16T13:01:52","guid":{"rendered":"https:\/\/woocommercecore.mystagingwebsite.com\/product\/beanie\/"},"modified":"2025-03-26T13:53:48","modified_gmt":"2025-03-26T13:53:48","slug":"flank-and-skirt-cuts","status":"publish","type":"product","link":"https:\/\/mfdtracking.com\/index.php\/product\/flank-and-skirt-cuts\/","title":{"rendered":"CAMERA"},"content":{"rendered":"<p>La <strong data-start=\"76\" data-end=\"102\">cam\u00e9ra de surveillance<\/strong> est l&#8217;alli\u00e9e parfaite pour une <strong data-start=\"134\" data-end=\"193\">protection optimale et une tranquillit\u00e9 d&#8217;esprit totale<\/strong> . Dot\u00e9e d&#8217;une technologie de pointe, elle capte chaque d\u00e9tail avec une clart\u00e9 exceptionnelle, de jour comme de nuit. Son design moderne et discret s&#8217;int\u00e8gre parfaitement \u00e0 tout environnement, offrant une surveillance efficace tout en restant \u00e9l\u00e9gante.<\/p>\n","protected":false},"excerpt":{"rendered":"<p>Gr\u00e2ce \u00e0 ses fonctionnalit\u00e9s intelligentes, la <strong data-start=\"655\" data-end=\"681\">cam\u00e9ra de surveillance<\/strong><span class=\"_fadeIn_4f9by_7\"> ne <\/span><span class=\"_fadeIn_4f9by_7\">se <\/span><span class=\"_fadeIn_4f9by_7\">contente <\/span><span class=\"_fadeIn_4f9by_7\">pas <\/span>\u00a0 d&#8217;enregistrer ; elle analyse et d\u00e9tecte les mouvements suspects, envoyant instantan\u00e9ment des alertes via une application connect\u00e9e.<\/p>\n","protected":false},"featured_media":2730,"template":"","meta":[],"product_brand":[],"product_cat":[15],"product_tag":[],"class_list":{"0":"post-2240","1":"product","2":"type-product","3":"status-publish","4":"has-post-thumbnail","6":"product_cat-uncategorized","8":"first","9":"instock","10":"shipping-taxable","11":"product-type-external"},"_links":{"self":[{"href":"https:\/\/mfdtracking.com\/index.php\/wp-json\/wp\/v2\/product\/2240","targetHints":{"allow":["GET"]}}],"collection":[{"href":"https:\/\/mfdtracking.com\/index.php\/wp-json\/wp\/v2\/product"}],"about":[{"href":"https:\/\/mfdtracking.com\/index.php\/wp-json\/wp\/v2\/types\/product"}],"wp:featuredmedia":[{"embeddable":true,"href":"https:\/\/mfdtracking.com\/index.php\/wp-json\/wp\/v2\/media\/2730"}],"wp:attachment":[{"href":"https:\/\/mfdtracking.com\/index.php\/wp-json\/wp\/v2\/media?parent=2240"}],"wp:term":[{"taxonomy":"product_brand","embeddable":true,"href":"https:\/\/mfdtracking.com\/index.php\/wp-json\/wp\/v2\/product_brand?post=2240"},{"taxonomy":"product_cat","embeddable":true,"href":"https:\/\/mfdtracking.com\/index.php\/wp-json\/wp\/v2\/product_cat?post=2240"},{"taxonomy":"product_tag","embeddable":true,"href":"https:\/\/mfdtracking.com\/index.php\/wp-json\/wp\/v2\/product_tag?post=2240"}],"curies":[{"name":"wp","href":"https:\/\/api.w.org\/{rel}","templated":true}]}}