{"id":2242,"date":"2019-01-16T13:01:53","date_gmt":"2019-01-16T13:01:53","guid":{"rendered":"https:\/\/woocommercecore.mystagingwebsite.com\/product\/cap\/"},"modified":"2025-03-26T13:51:34","modified_gmt":"2025-03-26T13:51:34","slug":"spaghetti-carbonara","status":"publish","type":"product","link":"https:\/\/mfdtracking.com\/index.php\/product\/spaghetti-carbonara\/","title":{"rendered":"COASTER"},"content":{"rendered":"<p><strong data-start=\"77\" data-end=\"95\">Le Coaster<\/strong> un bus au design s\u00e9duisant, con\u00e7u pour offrir un <strong data-start=\"149\" data-end=\"193\">voyage agr\u00e9able, s\u00e9curis\u00e9 et prestigieux<\/strong> . Son allure moderne et raffin\u00e9e, avec des lignes \u00e9pur\u00e9es et une silhouette imposante, en fait un choix parfait pour le transport de groupes avec <strong data-start=\"339\" data-end=\"363\">style et distinction.<\/strong><\/p>\n","protected":false},"excerpt":{"rendered":"<p><strong data-start=\"665\" data-end=\"683\">Le Coaster<\/strong> propose un <strong data-start=\"695\" data-end=\"741\">espace g\u00e9n\u00e9reux et un confort exceptionnel<\/strong> . Ses <strong data-start=\"747\" data-end=\"830\">si\u00e8ges ergonomiques, son isolation sonore optimis\u00e9e et ses \u00e9quipements modernes<\/strong> assurent une exp\u00e9rience de voyage luxueuse et relaxante. Gr\u00e2ce \u00e0 ses <strong data-start=\"900\" data-end=\"967\">technologies avanc\u00e9es en mati\u00e8re de s\u00e9curit\u00e9 et de connectivit\u00e9<\/strong> , il permet aux passagers de profiter pleinement du trajet en toute s\u00e9r\u00e9nit\u00e9.<\/p>\n","protected":false},"featured_media":2717,"template":"","meta":[],"product_brand":[],"product_cat":[15],"product_tag":[],"class_list":{"0":"post-2242","1":"product","2":"type-product","3":"status-publish","4":"has-post-thumbnail","6":"product_cat-uncategorized","8":"first","9":"instock","10":"featured","11":"shipping-taxable","12":"product-type-external"},"_links":{"self":[{"href":"https:\/\/mfdtracking.com\/index.php\/wp-json\/wp\/v2\/product\/2242","targetHints":{"allow":["GET"]}}],"collection":[{"href":"https:\/\/mfdtracking.com\/index.php\/wp-json\/wp\/v2\/product"}],"about":[{"href":"https:\/\/mfdtracking.com\/index.php\/wp-json\/wp\/v2\/types\/product"}],"wp:featuredmedia":[{"embeddable":true,"href":"https:\/\/mfdtracking.com\/index.php\/wp-json\/wp\/v2\/media\/2717"}],"wp:attachment":[{"href":"https:\/\/mfdtracking.com\/index.php\/wp-json\/wp\/v2\/media?parent=2242"}],"wp:term":[{"taxonomy":"product_brand","embeddable":true,"href":"https:\/\/mfdtracking.com\/index.php\/wp-json\/wp\/v2\/product_brand?post=2242"},{"taxonomy":"product_cat","embeddable":true,"href":"https:\/\/mfdtracking.com\/index.php\/wp-json\/wp\/v2\/product_cat?post=2242"},{"taxonomy":"product_tag","embeddable":true,"href":"https:\/\/mfdtracking.com\/index.php\/wp-json\/wp\/v2\/product_tag?post=2242"}],"curies":[{"name":"wp","href":"https:\/\/api.w.org\/{rel}","templated":true}]}}