{"id":2243,"date":"2019-01-16T13:01:53","date_gmt":"2019-01-16T13:01:53","guid":{"rendered":"https:\/\/woocommercecore.mystagingwebsite.com\/product\/sunglasses\/"},"modified":"2025-03-26T13:50:02","modified_gmt":"2025-03-26T13:50:02","slug":"porterhouse-steak","status":"publish","type":"product","link":"https:\/\/mfdtracking.com\/index.php\/product\/porterhouse-steak\/","title":{"rendered":"JETOUR-X"},"content":{"rendered":"<p>La <strong data-start=\"74\" data-end=\"93\">Toyota Jetour X<\/strong><span class=\"_fadeIn_4f9by_7\"> est <\/span><span class=\"_fadeIn_4f9by_7\">un <\/span><span class=\"_fadeIn_4f9by_7\">SUV <\/span>\u00a0au design s\u00e9duisant qui allie <strong data-start=\"135\" data-end=\"173\">\u00e9l\u00e9gance, performance et modernit\u00e9<\/strong> . Avec ses lignes dynamiques et son allure imposante, il capte instantan\u00e9ment l&#8217;attention et affirme son caract\u00e8re distinctif. Sous son capot, un moteur puissant et efficace garantit une conduite fluide et r\u00e9active, aussi bien en ville que sur les terrains les plus exigeants. Son design ext\u00e9rieur, m\u00ealant sportivit\u00e9 et sophistication, fait du <strong data-start=\"518\" data-end=\"530\">Jetour X<\/strong><span class=\"_fadeIn_4f9by_7\"> un v\u00e9hicule un<\/span>\u00a0 \u00e0 la fois robuste et irr\u00e9sistiblement attirant.<\/p>\n","protected":false},"excerpt":{"rendered":"<p>La <strong data-start=\"612\" data-end=\"624\">Jetour X<\/strong><span class=\"_fadeIn_4f9by_7\"> s\u00e9duit <\/span><span class=\"_fadeIn_4f9by_7\">par<\/span>\u00a0son <strong data-start=\"640\" data-end=\"673\">habitacle spacieux et raffin\u00e9<\/strong> , con\u00e7u pour offrir un confort optimal aux passagers. Ses <strong data-start=\"731\" data-end=\"820\">si\u00e8ges ergonomiques, son tableau de bord high-tech et son syst\u00e8me multim\u00e9dia intuitif<\/strong><span class=\"_fadeIn_4f9by_7\"> assure<\/span>\u00a0une exp\u00e9rience de conduite agr\u00e9able et immersive.<\/p>\n","protected":false},"featured_media":2718,"template":"","meta":[],"product_brand":[],"product_cat":[15],"product_tag":[],"class_list":{"0":"post-2243","1":"product","2":"type-product","3":"status-publish","4":"has-post-thumbnail","6":"product_cat-uncategorized","8":"first","9":"instock","10":"featured","11":"shipping-taxable","12":"product-type-external"},"_links":{"self":[{"href":"https:\/\/mfdtracking.com\/index.php\/wp-json\/wp\/v2\/product\/2243","targetHints":{"allow":["GET"]}}],"collection":[{"href":"https:\/\/mfdtracking.com\/index.php\/wp-json\/wp\/v2\/product"}],"about":[{"href":"https:\/\/mfdtracking.com\/index.php\/wp-json\/wp\/v2\/types\/product"}],"wp:featuredmedia":[{"embeddable":true,"href":"https:\/\/mfdtracking.com\/index.php\/wp-json\/wp\/v2\/media\/2718"}],"wp:attachment":[{"href":"https:\/\/mfdtracking.com\/index.php\/wp-json\/wp\/v2\/media?parent=2243"}],"wp:term":[{"taxonomy":"product_brand","embeddable":true,"href":"https:\/\/mfdtracking.com\/index.php\/wp-json\/wp\/v2\/product_brand?post=2243"},{"taxonomy":"product_cat","embeddable":true,"href":"https:\/\/mfdtracking.com\/index.php\/wp-json\/wp\/v2\/product_cat?post=2243"},{"taxonomy":"product_tag","embeddable":true,"href":"https:\/\/mfdtracking.com\/index.php\/wp-json\/wp\/v2\/product_tag?post=2243"}],"curies":[{"name":"wp","href":"https:\/\/api.w.org\/{rel}","templated":true}]}}