{"id":2244,"date":"2019-01-16T13:01:53","date_gmt":"2019-01-16T13:01:53","guid":{"rendered":"https:\/\/woocommercecore.mystagingwebsite.com\/product\/hoodie-with-pocket\/"},"modified":"2025-03-26T13:49:17","modified_gmt":"2025-03-26T13:49:17","slug":"caesar-salad","status":"publish","type":"product","link":"https:\/\/mfdtracking.com\/index.php\/product\/caesar-salad\/","title":{"rendered":"TOYOTA-PICK-UP"},"content":{"rendered":"<p>Le <strong data-start=\"71\" data-end=\"89\">Toyota Pick-Up<\/strong> est un v\u00e9hicule qui allie \u00e0 la perfection <strong data-start=\"132\" data-end=\"166\">force, \u00e9l\u00e9gance et polyvalence et fiable <\/strong><span class=\"_fadeIn_4f9by_7\">\u00a0<\/span>. Avec son design imposant et ses lignes modernes, il s\u00e9duit par son allure audacieuse et son charisme ind\u00e9niable.<\/p>\n","protected":false},"excerpt":{"rendered":"<p>le <strong data-start=\"609\" data-end=\"627\">Toyota Pick-Up<\/strong><span class=\"_fadeIn_4f9by_7\"> mise <\/span><span class=\"_fadeIn_4f9by_7\">sur<\/span>mise sur le <strong data-start=\"640\" data-end=\"667\">confort et la modernit\u00e9<\/strong> , avec un habitacle spacieux et des finitions de qualit\u00e9. Son <strong data-start=\"729\" data-end=\"824\">syst\u00e8me multim\u00e9dia intuitif, ses si\u00e8ges ergonomiques et ses \u00e9quipements de s\u00e9curit\u00e9 avanc\u00e9s<\/strong><span class=\"_fadeIn_4f9by_7\"> rendent <\/span><span class=\"_fadeIn_4f9by_7\">chaque <\/span><span class=\"_fadeIn_4f9by_7\">trajet <\/span><span class=\"_fadeIn_4f9by_7\">plus <\/span><span class=\"_fadeIn_4f9by_7\">agr\u00e9able <\/span>et serein. Id\u00e9al pour le travail, l&#8217;aventure ou les longs voyages, ce pick-up incarne la <strong data-start=\"950\" data-end=\"977\">puissance et l&#8217;\u00e9l\u00e9gance<\/strong> , tout en offrant une fiabilit\u00e9 exceptionnelle.<\/p>\n","protected":false},"featured_media":2716,"template":"","meta":[],"product_brand":[],"product_cat":[15],"product_tag":[],"class_list":{"0":"post-2244","1":"product","2":"type-product","3":"status-publish","4":"has-post-thumbnail","6":"product_cat-uncategorized","8":"first","9":"instock","10":"featured","11":"shipping-taxable","12":"product-type-external"},"_links":{"self":[{"href":"https:\/\/mfdtracking.com\/index.php\/wp-json\/wp\/v2\/product\/2244","targetHints":{"allow":["GET"]}}],"collection":[{"href":"https:\/\/mfdtracking.com\/index.php\/wp-json\/wp\/v2\/product"}],"about":[{"href":"https:\/\/mfdtracking.com\/index.php\/wp-json\/wp\/v2\/types\/product"}],"wp:featuredmedia":[{"embeddable":true,"href":"https:\/\/mfdtracking.com\/index.php\/wp-json\/wp\/v2\/media\/2716"}],"wp:attachment":[{"href":"https:\/\/mfdtracking.com\/index.php\/wp-json\/wp\/v2\/media?parent=2244"}],"wp:term":[{"taxonomy":"product_brand","embeddable":true,"href":"https:\/\/mfdtracking.com\/index.php\/wp-json\/wp\/v2\/product_brand?post=2244"},{"taxonomy":"product_cat","embeddable":true,"href":"https:\/\/mfdtracking.com\/index.php\/wp-json\/wp\/v2\/product_cat?post=2244"},{"taxonomy":"product_tag","embeddable":true,"href":"https:\/\/mfdtracking.com\/index.php\/wp-json\/wp\/v2\/product_tag?post=2244"}],"curies":[{"name":"wp","href":"https:\/\/api.w.org\/{rel}","templated":true}]}}