{"id":2246,"date":"2019-01-16T13:01:53","date_gmt":"2019-01-16T13:01:53","guid":{"rendered":"https:\/\/woocommercecore.mystagingwebsite.com\/product\/long-sleeve-tee\/"},"modified":"2025-03-26T13:48:14","modified_gmt":"2025-03-26T13:48:14","slug":"chicken-roast","status":"publish","type":"product","link":"https:\/\/mfdtracking.com\/index.php\/product\/chicken-roast\/","title":{"rendered":"TOYOTA-YARIS-VERSO"},"content":{"rendered":"<p>La <strong data-start=\"76\" data-end=\"98\">Toyota Yaris Verso<\/strong> est un v\u00e9hicule au design s\u00e9duisant qui allie<strong> la <\/strong><strong data-start=\"145\" data-end=\"179\">compacit\u00e9, espace et dynamisme<\/strong> . Avec son allure moderne et ses lignes harmonieuses, elle se d\u00e9marque par son style unique qui s\u00e9duit aussi bien en milieu urbain que sur route.<\/p>\n","protected":false},"excerpt":{"rendered":"<p>Son moteur performant et \u00e9conomique assure une conduite fluide et r\u00e9active, offrant un parfait \u00e9quilibre entre puissance et consommation ma\u00eetris\u00e9e. Gr\u00e2ce \u00e0 sa silhouette compacte mais spacieuse, la <strong data-start=\"523\" data-end=\"538\">Yaris Verso<\/strong> est id\u00e9ale pour ceux qui recherchent un v\u00e9hicule aussi \u00e9l\u00e9gant que fonctionnel.<\/p>\n","protected":false},"featured_media":2713,"template":"","meta":[],"product_brand":[],"product_cat":[15],"product_tag":[],"class_list":{"0":"post-2246","1":"product","2":"type-product","3":"status-publish","4":"has-post-thumbnail","6":"product_cat-uncategorized","8":"first","9":"instock","10":"shipping-taxable","11":"product-type-external"},"_links":{"self":[{"href":"https:\/\/mfdtracking.com\/index.php\/wp-json\/wp\/v2\/product\/2246","targetHints":{"allow":["GET"]}}],"collection":[{"href":"https:\/\/mfdtracking.com\/index.php\/wp-json\/wp\/v2\/product"}],"about":[{"href":"https:\/\/mfdtracking.com\/index.php\/wp-json\/wp\/v2\/types\/product"}],"wp:featuredmedia":[{"embeddable":true,"href":"https:\/\/mfdtracking.com\/index.php\/wp-json\/wp\/v2\/media\/2713"}],"wp:attachment":[{"href":"https:\/\/mfdtracking.com\/index.php\/wp-json\/wp\/v2\/media?parent=2246"}],"wp:term":[{"taxonomy":"product_brand","embeddable":true,"href":"https:\/\/mfdtracking.com\/index.php\/wp-json\/wp\/v2\/product_brand?post=2246"},{"taxonomy":"product_cat","embeddable":true,"href":"https:\/\/mfdtracking.com\/index.php\/wp-json\/wp\/v2\/product_cat?post=2246"},{"taxonomy":"product_tag","embeddable":true,"href":"https:\/\/mfdtracking.com\/index.php\/wp-json\/wp\/v2\/product_tag?post=2246"}],"curies":[{"name":"wp","href":"https:\/\/api.w.org\/{rel}","templated":true}]}}