{"id":2247,"date":"2019-01-16T13:01:54","date_gmt":"2019-01-16T13:01:54","guid":{"rendered":"https:\/\/woocommercecore.mystagingwebsite.com\/product\/album\/"},"modified":"2025-03-26T13:47:11","modified_gmt":"2025-03-26T13:47:11","slug":"beef-pho","status":"publish","type":"product","link":"https:\/\/mfdtracking.com\/index.php\/product\/beef-pho\/","title":{"rendered":"TOYOTA-COROLLA VERSO"},"content":{"rendered":"<p>La <strong>TOYOTA-COROLLA VERSO <\/strong><span class=\"_fadeIn_4f9by_7\">\u00a0incarne <\/span><span class=\"_fadeIn_4f9by_7\">parfaitement <\/span><span class=\"_fadeIn_4f9by_7\">l&#8217;harmonie incarne<\/span>\u00a0parfaitement l&#8217;harmonie entre <strong data-start=\"137\" data-end=\"177\">design raffin\u00e9, dynamisme et confort style<\/strong><span class=\"_fadeIn_4f9by_7\">\u00a0fois <\/span><strong data-start=\"590\" data-end=\"613\" data-is-last-node=\"\"><span class=\"_fadeIn_4f9by_7\">et<\/span><\/strong>. Son allure moderne et s\u00e9duisante, marqu\u00e9e par des lignes \u00e9pur\u00e9es et une calandre \u00e9l\u00e9gante, lui conf\u00e8re une pr\u00e9sence imposante sur la route.<\/p>\n","protected":false},"excerpt":{"rendered":"<p>La<strong> TOYOTA-COROLLA VERSO<\/strong> s\u00e9duit par son <strong data-start=\"667\" data-end=\"704\">habitacle spacieux ,<\/strong> offrant un confort optimal aux passagers. Les mat\u00e9riaux de qualit\u00e9 et les finitions soign\u00e9es cr\u00e9ent une atmosph\u00e8re premium, tandis que son <strong data-start=\"845\" data-end=\"917\">syst\u00e8me multim\u00e9dia intuitif et ses technologies de s\u00e9curit\u00e9 avanc\u00e9es<\/strong> rendent chaque trajet plus agr\u00e9able et serein.<\/p>\n","protected":false},"featured_media":2658,"template":"","meta":[],"product_brand":[],"product_cat":[62],"product_tag":[],"class_list":{"0":"post-2247","1":"product","2":"type-product","3":"status-publish","4":"has-post-thumbnail","6":"product_cat-voiture","8":"first","9":"instock","10":"shipping-taxable","11":"product-type-external"},"_links":{"self":[{"href":"https:\/\/mfdtracking.com\/index.php\/wp-json\/wp\/v2\/product\/2247","targetHints":{"allow":["GET"]}}],"collection":[{"href":"https:\/\/mfdtracking.com\/index.php\/wp-json\/wp\/v2\/product"}],"about":[{"href":"https:\/\/mfdtracking.com\/index.php\/wp-json\/wp\/v2\/types\/product"}],"wp:featuredmedia":[{"embeddable":true,"href":"https:\/\/mfdtracking.com\/index.php\/wp-json\/wp\/v2\/media\/2658"}],"wp:attachment":[{"href":"https:\/\/mfdtracking.com\/index.php\/wp-json\/wp\/v2\/media?parent=2247"}],"wp:term":[{"taxonomy":"product_brand","embeddable":true,"href":"https:\/\/mfdtracking.com\/index.php\/wp-json\/wp\/v2\/product_brand?post=2247"},{"taxonomy":"product_cat","embeddable":true,"href":"https:\/\/mfdtracking.com\/index.php\/wp-json\/wp\/v2\/product_cat?post=2247"},{"taxonomy":"product_tag","embeddable":true,"href":"https:\/\/mfdtracking.com\/index.php\/wp-json\/wp\/v2\/product_tag?post=2247"}],"curies":[{"name":"wp","href":"https:\/\/api.w.org\/{rel}","templated":true}]}}