{"id":2488,"date":"2019-01-16T13:01:52","date_gmt":"2019-01-16T13:01:52","guid":{"rendered":"https:\/\/woocommercecore.mystagingwebsite.com\/product\/hoodie\/"},"modified":"2025-03-26T13:52:57","modified_gmt":"2025-03-26T13:52:57","slug":"flat-iron-steak","status":"publish","type":"product","link":"https:\/\/mfdtracking.com\/index.php\/product\/flat-iron-steak\/","title":{"rendered":"GPS-TRACKER"},"content":{"rendered":"<p>Le <strong data-start=\"87\" data-end=\"103\">GPS Tracking<\/strong> est une solution innovante qui allie <strong data-start=\"141\" data-end=\"178\">pr\u00e9cision, s\u00e9curit\u00e9 et efficacit\u00e9 Conception<\/strong><span class=\"_fadeIn_4f9by_7\">\u00a0<\/span>pour le suivi en temps r\u00e9el de vos v\u00e9hicules. Gr\u00e2ce \u00e0 sa technologie avanc\u00e9, il vous permet de localiser instantan\u00e9ment vos biens, d&#8217;optimiser vos itin\u00e9raires et de surveiller les d\u00e9placements avec une pr\u00e9cision in\u00e9gal\u00e9.<\/p>\n","protected":false},"excerpt":{"rendered":"<p><strong>S<\/strong>on design discret et moderne en fait un alli\u00e9 indispensable pour les entreprises, les particuliers et les gestionnaires de flotte souhaitant <strong data-start=\"544\" data-end=\"612\">renforcer la s\u00e9curit\u00e9 et am\u00e9liorer la gestion de leurs v\u00e9hicules<\/strong>.<\/p>\n","protected":false},"featured_media":2725,"template":"","meta":[],"product_brand":[],"product_cat":[15],"product_tag":[],"class_list":{"0":"post-2488","1":"product","2":"type-product","3":"status-publish","4":"has-post-thumbnail","6":"product_cat-uncategorized","8":"first","9":"instock","10":"shipping-taxable","11":"product-type-external"},"_links":{"self":[{"href":"https:\/\/mfdtracking.com\/index.php\/wp-json\/wp\/v2\/product\/2488","targetHints":{"allow":["GET"]}}],"collection":[{"href":"https:\/\/mfdtracking.com\/index.php\/wp-json\/wp\/v2\/product"}],"about":[{"href":"https:\/\/mfdtracking.com\/index.php\/wp-json\/wp\/v2\/types\/product"}],"wp:featuredmedia":[{"embeddable":true,"href":"https:\/\/mfdtracking.com\/index.php\/wp-json\/wp\/v2\/media\/2725"}],"wp:attachment":[{"href":"https:\/\/mfdtracking.com\/index.php\/wp-json\/wp\/v2\/media?parent=2488"}],"wp:term":[{"taxonomy":"product_brand","embeddable":true,"href":"https:\/\/mfdtracking.com\/index.php\/wp-json\/wp\/v2\/product_brand?post=2488"},{"taxonomy":"product_cat","embeddable":true,"href":"https:\/\/mfdtracking.com\/index.php\/wp-json\/wp\/v2\/product_cat?post=2488"},{"taxonomy":"product_tag","embeddable":true,"href":"https:\/\/mfdtracking.com\/index.php\/wp-json\/wp\/v2\/product_tag?post=2488"}],"curies":[{"name":"wp","href":"https:\/\/api.w.org\/{rel}","templated":true}]}}