{"id":2489,"date":"2019-01-16T13:01:52","date_gmt":"2019-01-16T13:01:52","guid":{"rendered":"https:\/\/woocommercecore.mystagingwebsite.com\/product\/hoodie-with-logo\/"},"modified":"2025-03-26T13:52:27","modified_gmt":"2025-03-26T13:52:27","slug":"coulotte-steak","status":"publish","type":"product","link":"https:\/\/mfdtracking.com\/index.php\/product\/coulotte-steak\/","title":{"rendered":"CAMIONS-BENNE"},"content":{"rendered":"<p>Le <strong data-start=\"89\" data-end=\"105\">camion benne<\/strong><span class=\"_fadeIn_4f9by_7\"> incarne <\/span>\u00a0la <strong data-start=\"117\" data-end=\"144\">force et la polyvalence<\/strong> , con\u00e7ue pour r\u00e9pondre aux exigences les plus rigoureuses du transport et des travaux publics. Avec son design imposant et sa structure renforc\u00e9e, il affiche une prestance s\u00e9duisante qui inspire puissance et fiabilit\u00e9.<\/p>\n","protected":false},"excerpt":{"rendered":"<p>Son moteur robuste et performant permet d&#8217;affronter sans effort les terrains les plus exigeants, garantissant une efficacit\u00e9 optimale sur chaque chantier. Gr\u00e2ce \u00e0 son syst\u00e8me de benne basculante, il assure un d\u00e9chargement rapide et fluide, optimisant ainsi <strong data-start=\"619\" data-end=\"652\">productivit\u00e9 et gain de temps<\/strong> .<\/p>\n","protected":false},"featured_media":2722,"template":"","meta":[],"product_brand":[],"product_cat":[15],"product_tag":[],"class_list":{"0":"post-2489","1":"product","2":"type-product","3":"status-publish","4":"has-post-thumbnail","6":"product_cat-uncategorized","8":"first","9":"instock","10":"shipping-taxable","11":"product-type-external"},"_links":{"self":[{"href":"https:\/\/mfdtracking.com\/index.php\/wp-json\/wp\/v2\/product\/2489","targetHints":{"allow":["GET"]}}],"collection":[{"href":"https:\/\/mfdtracking.com\/index.php\/wp-json\/wp\/v2\/product"}],"about":[{"href":"https:\/\/mfdtracking.com\/index.php\/wp-json\/wp\/v2\/types\/product"}],"wp:featuredmedia":[{"embeddable":true,"href":"https:\/\/mfdtracking.com\/index.php\/wp-json\/wp\/v2\/media\/2722"}],"wp:attachment":[{"href":"https:\/\/mfdtracking.com\/index.php\/wp-json\/wp\/v2\/media?parent=2489"}],"wp:term":[{"taxonomy":"product_brand","embeddable":true,"href":"https:\/\/mfdtracking.com\/index.php\/wp-json\/wp\/v2\/product_brand?post=2489"},{"taxonomy":"product_cat","embeddable":true,"href":"https:\/\/mfdtracking.com\/index.php\/wp-json\/wp\/v2\/product_cat?post=2489"},{"taxonomy":"product_tag","embeddable":true,"href":"https:\/\/mfdtracking.com\/index.php\/wp-json\/wp\/v2\/product_tag?post=2489"}],"curies":[{"name":"wp","href":"https:\/\/api.w.org\/{rel}","templated":true}]}}