{"id":2490,"date":"2019-01-16T13:01:53","date_gmt":"2019-01-16T13:01:53","guid":{"rendered":"https:\/\/woocommercecore.mystagingwebsite.com\/product\/polo\/"},"modified":"2025-03-26T13:47:43","modified_gmt":"2025-03-26T13:47:43","slug":"ribeye-steak","status":"publish","type":"product","link":"https:\/\/mfdtracking.com\/index.php\/product\/ribeye-steak\/","title":{"rendered":"YARIS"},"content":{"rendered":"<p>Gr\u00e2ce \u00e0 sa faible consommation de carburant et son efficacit\u00e9 \u00e9nerg\u00e9tique, la <strong data-start=\"529\" data-end=\"538\">Yaris<\/strong><span class=\"_fadeIn_4f9by_7\"> est <\/span><span class=\"_fadeIn_4f9by_7\">le <\/span><span class=\"_fadeIn_4f9by_7\">choix <\/span><span class=\"_fadeIn_4f9by_7\">id\u00e9al<\/span>est le choix id\u00e9al pour ceux qui recherchent \u00e0 la fois <strong data-start=\"594\" data-end=\"618\">style et performance<\/strong>.<\/p>\n","protected":false},"excerpt":{"rendered":"<p>la <strong data-start=\"641\" data-end=\"657\">Toyota Yaris<\/strong><span class=\"_fadeIn_4f9by_7\"> se <\/span>s\u00e9duit par son <strong data-start=\"673\" data-end=\"709\">habitacle raffin\u00e9 et ergonomique<\/strong> , pens\u00e9 pour le confort du conducteur et des passagers. Son <strong data-start=\"769\" data-end=\"867\">syst\u00e8me multim\u00e9dia intuitif, ses finitions de qualit\u00e9 et ses technologies de s\u00e9curit\u00e9 avanc\u00e9es<\/strong><span class=\"_fadeIn_4f9by_7\"> ren<\/span>de chaque trajet agr\u00e9able et serein.<\/p>\n","protected":false},"featured_media":2661,"template":"","meta":[],"product_brand":[],"product_cat":[15],"product_tag":[],"class_list":{"0":"post-2490","1":"product","2":"type-product","3":"status-publish","4":"has-post-thumbnail","6":"product_cat-uncategorized","8":"first","9":"instock","10":"shipping-taxable","11":"product-type-external"},"_links":{"self":[{"href":"https:\/\/mfdtracking.com\/index.php\/wp-json\/wp\/v2\/product\/2490","targetHints":{"allow":["GET"]}}],"collection":[{"href":"https:\/\/mfdtracking.com\/index.php\/wp-json\/wp\/v2\/product"}],"about":[{"href":"https:\/\/mfdtracking.com\/index.php\/wp-json\/wp\/v2\/types\/product"}],"wp:featuredmedia":[{"embeddable":true,"href":"https:\/\/mfdtracking.com\/index.php\/wp-json\/wp\/v2\/media\/2661"}],"wp:attachment":[{"href":"https:\/\/mfdtracking.com\/index.php\/wp-json\/wp\/v2\/media?parent=2490"}],"wp:term":[{"taxonomy":"product_brand","embeddable":true,"href":"https:\/\/mfdtracking.com\/index.php\/wp-json\/wp\/v2\/product_brand?post=2490"},{"taxonomy":"product_cat","embeddable":true,"href":"https:\/\/mfdtracking.com\/index.php\/wp-json\/wp\/v2\/product_cat?post=2490"},{"taxonomy":"product_tag","embeddable":true,"href":"https:\/\/mfdtracking.com\/index.php\/wp-json\/wp\/v2\/product_tag?post=2490"}],"curies":[{"name":"wp","href":"https:\/\/api.w.org\/{rel}","templated":true}]}}