{"id":2491,"date":"2019-01-16T13:01:54","date_gmt":"2019-01-16T13:01:54","guid":{"rendered":"https:\/\/woocommercecore.mystagingwebsite.com\/product\/single\/"},"modified":"2025-03-26T13:46:03","modified_gmt":"2025-03-26T13:46:03","slug":"falafel-wrap","status":"publish","type":"product","link":"https:\/\/mfdtracking.com\/index.php\/product\/falafel-wrap\/","title":{"rendered":"TOYOTA-COROLLA 115"},"content":{"rendered":"<p>La <strong data-start=\"76\" data-end=\"98\">Toyota Corolla 115<\/strong><span class=\"_fadeIn_4f9by_7\"> incarne <\/span><span class=\"_fadeIn_4f9by_7\">parfaitement <\/span><span class=\"_fadeIn_4f9by_7\">l&#8217;harmonie <\/span>incarne parfaitement l&#8217;harmonie entre <strong data-start=\"137\" data-end=\"177\">design raffin\u00e9, dynamisme et confort <\/strong><strong data-start=\"590\" data-end=\"613\" data-is-last-node=\"\"><span class=\"_fadeIn_4f9by_7\">style<\/span><\/strong><span class=\"_fadeIn_4f9by_7\"> fois et <\/span>\u00a0Son allure moderne et s\u00e9duisante, marqu\u00e9e par des lignes \u00e9pur\u00e9es et une calandre \u00e9l\u00e9gante, lui conf\u00e8re une pr\u00e9sence imposante sur la route.<\/p>\n","protected":false},"excerpt":{"rendered":"<p>Sous son capot, son moteur performant et \u00e9conomique assure une conduite souple et r\u00e9active, id\u00e9ale pour la ville comme pour les longs voyages. Avec une excellente tenue de route et une consommation optimis\u00e9e, elle est le choix parfait pour ceux qui recherchent \u00e0 la fois <strong data-start=\"590\" data-end=\"613\">style et efficacit\u00e9.<\/strong><\/p>\n","protected":false},"featured_media":2656,"template":"","meta":[],"product_brand":[],"product_cat":[62],"product_tag":[],"class_list":{"0":"post-2491","1":"product","2":"type-product","3":"status-publish","4":"has-post-thumbnail","6":"product_cat-voiture","8":"first","9":"instock","10":"shipping-taxable","11":"product-type-external"},"_links":{"self":[{"href":"https:\/\/mfdtracking.com\/index.php\/wp-json\/wp\/v2\/product\/2491","targetHints":{"allow":["GET"]}}],"collection":[{"href":"https:\/\/mfdtracking.com\/index.php\/wp-json\/wp\/v2\/product"}],"about":[{"href":"https:\/\/mfdtracking.com\/index.php\/wp-json\/wp\/v2\/types\/product"}],"wp:featuredmedia":[{"embeddable":true,"href":"https:\/\/mfdtracking.com\/index.php\/wp-json\/wp\/v2\/media\/2656"}],"wp:attachment":[{"href":"https:\/\/mfdtracking.com\/index.php\/wp-json\/wp\/v2\/media?parent=2491"}],"wp:term":[{"taxonomy":"product_brand","embeddable":true,"href":"https:\/\/mfdtracking.com\/index.php\/wp-json\/wp\/v2\/product_brand?post=2491"},{"taxonomy":"product_cat","embeddable":true,"href":"https:\/\/mfdtracking.com\/index.php\/wp-json\/wp\/v2\/product_cat?post=2491"},{"taxonomy":"product_tag","embeddable":true,"href":"https:\/\/mfdtracking.com\/index.php\/wp-json\/wp\/v2\/product_tag?post=2491"}],"curies":[{"name":"wp","href":"https:\/\/api.w.org\/{rel}","templated":true}]}}