{"id":2496,"date":"2019-01-16T13:01:55","date_gmt":"2019-01-16T13:01:55","guid":{"rendered":"https:\/\/woocommercecore.mystagingwebsite.com\/product\/t-shirt-with-logo\/"},"modified":"2025-03-26T13:44:42","modified_gmt":"2025-03-26T13:44:42","slug":"fish-and-chips","status":"publish","type":"product","link":"https:\/\/mfdtracking.com\/index.php\/product\/fish-and-chips\/","title":{"rendered":"TOYOTA-RAV4"},"content":{"rendered":"<p>Le <strong data-start=\"64\" data-end=\"79\">Toyota RAV4<\/strong> est un SUV au design audacieux et s\u00e9duisant, con\u00e7u pour ceux qui recherchent \u00e0 la fois <strong data-start=\"167\" data-end=\"206\">\u00e9l\u00e9gance, robustesse et performance<\/strong>.<\/p>\n","protected":false},"excerpt":{"rendered":"<p>Son allure dynamique, avec des lignes sculpt\u00e9es et une calandre imposante, s&#8217;habille \u00e0 tous les regards sur la route. Sous son capot, un moteur puissant et \u00e9conome en carburant garantit une conduite fluide et r\u00e9active, aussi bien en ville que sur les terrains plus exigeants. Gr\u00e2ce \u00e0 sa garde au sol \u00e9lev\u00e9e et \u00e0 son excellente tenue de route, il vous offre une sensation de contr\u00f4le et de libert\u00e9 \u00e0 chaque trajet.<\/p>\n","protected":false},"featured_media":2655,"template":"","meta":[],"product_brand":[],"product_cat":[62],"product_tag":[],"class_list":{"0":"post-2496","1":"product","2":"type-product","3":"status-publish","4":"has-post-thumbnail","6":"product_cat-voiture","8":"first","9":"instock","10":"shipping-taxable","11":"product-type-external"},"_links":{"self":[{"href":"https:\/\/mfdtracking.com\/index.php\/wp-json\/wp\/v2\/product\/2496","targetHints":{"allow":["GET"]}}],"collection":[{"href":"https:\/\/mfdtracking.com\/index.php\/wp-json\/wp\/v2\/product"}],"about":[{"href":"https:\/\/mfdtracking.com\/index.php\/wp-json\/wp\/v2\/types\/product"}],"wp:featuredmedia":[{"embeddable":true,"href":"https:\/\/mfdtracking.com\/index.php\/wp-json\/wp\/v2\/media\/2655"}],"wp:attachment":[{"href":"https:\/\/mfdtracking.com\/index.php\/wp-json\/wp\/v2\/media?parent=2496"}],"wp:term":[{"taxonomy":"product_brand","embeddable":true,"href":"https:\/\/mfdtracking.com\/index.php\/wp-json\/wp\/v2\/product_brand?post=2496"},{"taxonomy":"product_cat","embeddable":true,"href":"https:\/\/mfdtracking.com\/index.php\/wp-json\/wp\/v2\/product_cat?post=2496"},{"taxonomy":"product_tag","embeddable":true,"href":"https:\/\/mfdtracking.com\/index.php\/wp-json\/wp\/v2\/product_tag?post=2496"}],"curies":[{"name":"wp","href":"https:\/\/api.w.org\/{rel}","templated":true}]}}