{"id":2497,"date":"2019-01-16T13:01:55","date_gmt":"2019-01-16T13:01:55","guid":{"rendered":"https:\/\/woocommercecore.mystagingwebsite.com\/product\/beanie-with-logo\/"},"modified":"2025-03-26T13:44:07","modified_gmt":"2025-03-26T13:44:07","slug":"pad-thai","status":"publish","type":"product","link":"https:\/\/mfdtracking.com\/index.php\/product\/pad-thai\/","title":{"rendered":"TOYOTA-CAMRY"},"content":{"rendered":"<p>La <strong data-start=\"67\" data-end=\"83\">Toyota Camry<\/strong> est une berline embl\u00e9matique qui se distingue par son design \u00e9l\u00e9gant, ses performances dynamiques et son confort exceptionnel. Dot\u00e9e d&#8217;un moteur puissant et \u00e9conome en carburant, elle assure une conduite fluide aussi bien en ville que sur autoroute.<\/p>\n","protected":false},"excerpt":{"rendered":"<p>la <strong data-start=\"555\" data-end=\"564\">Camry<\/strong> offre un habitacle spacieux et luxueux, avec des mat\u00e9riaux haut de gamme et des finitions soign\u00e9es. Son <strong data-start=\"669\" data-end=\"766\">syst\u00e8me multim\u00e9dia avanc\u00e9, ses si\u00e8ges ergonomiques et ses nombreuses technologies de s\u00e9curit\u00e9<\/strong><span class=\"_fadeIn_4f9by_7\"> garantissent <\/span><span class=\"_fadeIn_4f9by_7\">une <\/span><span class=\"_fadeIn_4f9by_7\">exp\u00e9rience <\/span><span class=\"_fadeIn_4f9by_7\">de <\/span><span class=\"_fadeIn_4f9by_7\">conduite <\/span><span class=\"_fadeIn_4f9by_7\">agr\u00e9able<\/span>offre une exp\u00e9rience de conduite agr\u00e9able et sereine. Id\u00e9ale pour les trajets quotidiens comme pour les longs voyages, la <strong data-start=\"896\" data-end=\"912\">Toyota Camry<\/strong> est le choix parfait pour ceux qui recherchent un v\u00e9hicule \u00e0 la fois <strong data-start=\"982\" data-end=\"1020\">confortable, performant et \u00e9l\u00e9gant<\/strong>.<\/p>\n","protected":false},"featured_media":2654,"template":"","meta":[],"product_brand":[],"product_cat":[62],"product_tag":[],"class_list":{"0":"post-2497","1":"product","2":"type-product","3":"status-publish","4":"has-post-thumbnail","6":"product_cat-voiture","8":"first","9":"instock","10":"shipping-taxable","11":"product-type-external"},"_links":{"self":[{"href":"https:\/\/mfdtracking.com\/index.php\/wp-json\/wp\/v2\/product\/2497","targetHints":{"allow":["GET"]}}],"collection":[{"href":"https:\/\/mfdtracking.com\/index.php\/wp-json\/wp\/v2\/product"}],"about":[{"href":"https:\/\/mfdtracking.com\/index.php\/wp-json\/wp\/v2\/types\/product"}],"wp:featuredmedia":[{"embeddable":true,"href":"https:\/\/mfdtracking.com\/index.php\/wp-json\/wp\/v2\/media\/2654"}],"wp:attachment":[{"href":"https:\/\/mfdtracking.com\/index.php\/wp-json\/wp\/v2\/media?parent=2497"}],"wp:term":[{"taxonomy":"product_brand","embeddable":true,"href":"https:\/\/mfdtracking.com\/index.php\/wp-json\/wp\/v2\/product_brand?post=2497"},{"taxonomy":"product_cat","embeddable":true,"href":"https:\/\/mfdtracking.com\/index.php\/wp-json\/wp\/v2\/product_cat?post=2497"},{"taxonomy":"product_tag","embeddable":true,"href":"https:\/\/mfdtracking.com\/index.php\/wp-json\/wp\/v2\/product_tag?post=2497"}],"curies":[{"name":"wp","href":"https:\/\/api.w.org\/{rel}","templated":true}]}}