{"id":2498,"date":"2019-01-16T13:01:55","date_gmt":"2019-01-16T13:01:55","guid":{"rendered":"https:\/\/woocommercecore.mystagingwebsite.com\/product\/logo-collection\/"},"modified":"2025-04-08T12:04:07","modified_gmt":"2025-04-08T12:04:07","slug":"creamy-biscuits","status":"publish","type":"product","link":"https:\/\/mfdtracking.com\/index.php\/product\/creamy-biscuits\/","title":{"rendered":"AVENSIS"},"content":{"rendered":"<p>l&#8217; <strong data-start=\"562\" data-end=\"573\">Avensis<\/strong> offre un habitacle spacieux et bien pens\u00e9, avec des mat\u00e9riaux de qualit\u00e9 et une technologie embarqu\u00e9e intuitive. Son <strong data-start=\"691\" data-end=\"776\">syst\u00e8me multim\u00e9dia avanc\u00e9, ses si\u00e8ges ergonomiques et ses dispositifs de s\u00e9curit\u00e9<\/strong><span class=\"_fadeIn_4f9by_7\"> garantit et <\/span>assure une conduite agr\u00e9able et sereine.<\/p>\n","protected":false},"excerpt":{"rendered":"<p><strong>Ce v\u00e9hicule<\/strong> est Con\u00e7ue pour offrir une exp\u00e9rience de conduite fluide et agr\u00e9able, elle est \u00e9quip\u00e9e d&#8217;un moteur performant et \u00e9conomique, id\u00e9al pour les d\u00e9placements urbains comme pour les longs voyages. <strong>Son ext\u00e9rieur raffin\u00e9, avec des lignes modernes et a\u00e9rodynamiques<\/strong>, lui conf\u00e8re une allure dynamique et distingu\u00e9e, parfaite pour ceux qui recherchent \u00e0 la fois style et efficacit\u00e9.<\/p>\n","protected":false},"featured_media":2642,"template":"","meta":[],"product_brand":[],"product_cat":[62],"product_tag":[],"class_list":{"0":"post-2498","1":"product","2":"type-product","3":"status-publish","4":"has-post-thumbnail","6":"product_cat-voiture","8":"first","9":"instock","10":"shipping-taxable","11":"product-type-external"},"_links":{"self":[{"href":"https:\/\/mfdtracking.com\/index.php\/wp-json\/wp\/v2\/product\/2498","targetHints":{"allow":["GET"]}}],"collection":[{"href":"https:\/\/mfdtracking.com\/index.php\/wp-json\/wp\/v2\/product"}],"about":[{"href":"https:\/\/mfdtracking.com\/index.php\/wp-json\/wp\/v2\/types\/product"}],"wp:featuredmedia":[{"embeddable":true,"href":"https:\/\/mfdtracking.com\/index.php\/wp-json\/wp\/v2\/media\/2642"}],"wp:attachment":[{"href":"https:\/\/mfdtracking.com\/index.php\/wp-json\/wp\/v2\/media?parent=2498"}],"wp:term":[{"taxonomy":"product_brand","embeddable":true,"href":"https:\/\/mfdtracking.com\/index.php\/wp-json\/wp\/v2\/product_brand?post=2498"},{"taxonomy":"product_cat","embeddable":true,"href":"https:\/\/mfdtracking.com\/index.php\/wp-json\/wp\/v2\/product_cat?post=2498"},{"taxonomy":"product_tag","embeddable":true,"href":"https:\/\/mfdtracking.com\/index.php\/wp-json\/wp\/v2\/product_tag?post=2498"}],"curies":[{"name":"wp","href":"https:\/\/api.w.org\/{rel}","templated":true}]}}