{"id":2499,"date":"2019-01-16T13:01:55","date_gmt":"2019-01-16T13:01:55","guid":{"rendered":"https:\/\/woocommercecore.mystagingwebsite.com\/product\/wordpress-pennant\/"},"modified":"2025-03-26T13:38:55","modified_gmt":"2025-03-26T13:38:55","slug":"moussaka-noodles","status":"publish","type":"product","link":"https:\/\/mfdtracking.com\/index.php\/product\/moussaka-noodles\/","title":{"rendered":"TOYOTA-LANDERUISER-PRADO-TX"},"content":{"rendered":"<p>La <strong data-start=\"85\" data-end=\"117\">Toyota Land Cruiser Prado TX<\/strong> est un <strong data-start=\"125\" data-end=\"151\">SUV robuste et \u00e9l\u00e9gant<\/strong> , con\u00e7u pour offrir des performances exceptionnelles sur route comme en tout-terrain. Dot\u00e9 d&#8217;un moteur puissant et d&#8217;une transmission optimis\u00e9e, il garantit une conduite fluide et s\u00e9curis\u00e9e, m\u00eame dans les conditions les plus exigeantes. Son design imposant et moderne allie raffinement et r\u00e9sistance, faisant de ce v\u00e9hicule un choix id\u00e9al pour les clients et les professionnels en qu\u00eate de fiabilit\u00e9.<\/p>\n","protected":false},"excerpt":{"rendered":"<p>Ce v\u00e9hicule assure un voyage agr\u00e9able et s\u00e9curis\u00e9. Que ce soit pour un usage urbain, professionnel ou pour des escapades hors des sentiers battus, le <strong data-start=\"932\" data-end=\"964\">Toyota Land Cruiser Prado TX<\/strong><span class=\"_fadeIn_4f9by_7\"> est <\/span><span class=\"_fadeIn_4f9by_7\">le <\/span><span class=\"_fadeIn_4f9by_7\">compagnon <\/span>\u00a0parfait pour allier <strong data-start=\"1002\" data-end=\"1038\">performance, confort et s\u00e9curit\u00e9.<\/strong><\/p>\n","protected":false},"featured_media":2640,"template":"","meta":[],"product_brand":[],"product_cat":[62],"product_tag":[],"class_list":{"0":"post-2499","1":"product","2":"type-product","3":"status-publish","4":"has-post-thumbnail","6":"product_cat-voiture","8":"first","9":"instock","10":"shipping-taxable","11":"product-type-external"},"_links":{"self":[{"href":"https:\/\/mfdtracking.com\/index.php\/wp-json\/wp\/v2\/product\/2499","targetHints":{"allow":["GET"]}}],"collection":[{"href":"https:\/\/mfdtracking.com\/index.php\/wp-json\/wp\/v2\/product"}],"about":[{"href":"https:\/\/mfdtracking.com\/index.php\/wp-json\/wp\/v2\/types\/product"}],"wp:featuredmedia":[{"embeddable":true,"href":"https:\/\/mfdtracking.com\/index.php\/wp-json\/wp\/v2\/media\/2640"}],"wp:attachment":[{"href":"https:\/\/mfdtracking.com\/index.php\/wp-json\/wp\/v2\/media?parent=2499"}],"wp:term":[{"taxonomy":"product_brand","embeddable":true,"href":"https:\/\/mfdtracking.com\/index.php\/wp-json\/wp\/v2\/product_brand?post=2499"},{"taxonomy":"product_cat","embeddable":true,"href":"https:\/\/mfdtracking.com\/index.php\/wp-json\/wp\/v2\/product_cat?post=2499"},{"taxonomy":"product_tag","embeddable":true,"href":"https:\/\/mfdtracking.com\/index.php\/wp-json\/wp\/v2\/product_tag?post=2499"}],"curies":[{"name":"wp","href":"https:\/\/api.w.org\/{rel}","templated":true}]}}