{"id":6,"date":"2019-01-16T13:01:52","date_gmt":"2019-01-16T13:01:52","guid":{"rendered":"https:\/\/woocommercecore.mystagingwebsite.com\/product\/v-neck-t-shirt\/"},"modified":"2025-03-26T13:55:27","modified_gmt":"2025-03-26T13:55:27","slug":"ratatouille-cake","status":"publish","type":"product","link":"https:\/\/mfdtracking.com\/index.php\/product\/ratatouille-cake\/","title":{"rendered":"SURVEILLANCE-VOITURE"},"content":{"rendered":"<p>Les <strong data-start=\"89\" data-end=\"116\">cam\u00e9ras de surveillance<\/strong><span class=\"_fadeIn_4f9by_7\"> sont<\/span>\u00a0aujourd&#8217;hui indispensables pour garantir une <strong data-start=\"167\" data-end=\"190\">protection maximale<\/strong><span class=\"_fadeIn_4f9by_7\"> des <\/span><span class=\"_fadeIn_4f9by_7\">biens <\/span><span class=\"_fadeIn_4f9by_7\">et <\/span><span class=\"_fadeIn_4f9by_7\">utilisation <\/span>\u00a0. Avec leur design moderne et discret, elles s&#8217;int\u00e8grent parfaitement \u00e0 tous les environnements, que ce soit pour un usage domestique, professionnel ou industriel.<\/p>\n","protected":false},"excerpt":{"rendered":"<p>Dot\u00e9es de capteurs haute d\u00e9finition, elles offrent une qualit\u00e9 d&#8217;image exceptionnelle, de jour comme de nuit, capturant chaque d\u00e9tail avec une pr\u00e9cision in\u00e9gal\u00e9e. Gr\u00e2ce \u00e0 leur connectivit\u00e9 intelligente, elles permettent un <strong data-start=\"604\" data-end=\"630\">contr\u00f4le en temps r\u00e9el Via<\/strong>\u00a0smartphone ou ordinateur, assurant une vigilance permanente, o\u00f9 que vous soyez.<\/p>\n","protected":false},"featured_media":2733,"template":"","meta":[],"product_brand":[],"product_cat":[15],"product_tag":[],"class_list":{"0":"post-6","1":"product","2":"type-product","3":"status-publish","4":"has-post-thumbnail","6":"product_cat-uncategorized","8":"first","9":"instock","10":"featured","11":"shipping-taxable","12":"product-type-external"},"_links":{"self":[{"href":"https:\/\/mfdtracking.com\/index.php\/wp-json\/wp\/v2\/product\/6","targetHints":{"allow":["GET"]}}],"collection":[{"href":"https:\/\/mfdtracking.com\/index.php\/wp-json\/wp\/v2\/product"}],"about":[{"href":"https:\/\/mfdtracking.com\/index.php\/wp-json\/wp\/v2\/types\/product"}],"wp:featuredmedia":[{"embeddable":true,"href":"https:\/\/mfdtracking.com\/index.php\/wp-json\/wp\/v2\/media\/2733"}],"wp:attachment":[{"href":"https:\/\/mfdtracking.com\/index.php\/wp-json\/wp\/v2\/media?parent=6"}],"wp:term":[{"taxonomy":"product_brand","embeddable":true,"href":"https:\/\/mfdtracking.com\/index.php\/wp-json\/wp\/v2\/product_brand?post=6"},{"taxonomy":"product_cat","embeddable":true,"href":"https:\/\/mfdtracking.com\/index.php\/wp-json\/wp\/v2\/product_cat?post=6"},{"taxonomy":"product_tag","embeddable":true,"href":"https:\/\/mfdtracking.com\/index.php\/wp-json\/wp\/v2\/product_tag?post=6"}],"curies":[{"name":"wp","href":"https:\/\/api.w.org\/{rel}","templated":true}]}}